{"id":786,"date":"2017-01-13T21:01:32","date_gmt":"2017-01-13T18:01:32","guid":{"rendered":"http:\/\/www.motivoweb.com\/hala\/?page_id=80"},"modified":"2026-01-21T15:26:21","modified_gmt":"2026-01-21T12:26:21","slug":"aday_ogrenci_kayit_formu","status":"publish","type":"page","link":"https:\/\/www.iotanitim.buyukkolejportal.com\/","title":{"rendered":"\u00d6\u011frenci Kay\u0131t Formu"},"content":{"rendered":"<p>[vc_row css=&#8221;.vc_custom_1700567202244{padding-top: 10px !important;}&#8221;][vc_column width=&#8221;1\/5&#8243;][\/vc_column][vc_column width=&#8221;1\/5&#8243;][\/vc_column][vc_column width=&#8221;1\/5&#8243;][vc_single_image image=&#8221;1830&#8243; alignment=&#8221;center&#8221;][\/vc_column][vc_column width=&#8221;1\/5&#8243;][\/vc_column][vc_column width=&#8221;1\/5&#8243;][\/vc_column][\/vc_row][vc_row content_placement=&#8221;top&#8221;][vc_column width=&#8221;1\/3&#8243;][\/vc_column][vc_column width=&#8221;1\/3&#8243;][vc_raw_html]JTNDaDIlMjBzdHlsZSUzRCUyMnRleHQtYWxpZ24lM0ElMjBjZW50ZXIlM0IlMjIlM0UlM0NzcGFuJTIwc3R5bGUlM0QlMjJjb2xvciUzQSUyMCUyMzJjNGQ4NyUzQiUyMiUzRSUzQ3N0cm9uZyUzRU9rdWwlMjAlQzMlOTZuY2VzaSUzQyUyRnN0cm9uZyUzRSUyMHZlJTIwJTNDc3Ryb25nJTNFMS4lMjBTJUM0JUIxbiVDNCVCMWZsYXIlM0MlMkZzdHJvbmclM0UlM0MlMkZzcGFuJTNFJTNDJTJGaDIlM0U=[\/vc_raw_html][\/vc_column][vc_column width=&#8221;1\/3&#8243;][\/vc_column][\/vc_row][vc_row][vc_column]\t<div class=\"center title-section wow fadeInDown\">\r\n      <h3 class=\"lrg\">Okul Tan\u0131t\u0131m G\u00fcn\u00fc Kat\u0131l\u0131m Formu<\/h3><div class=\"separator\"><span><i><\/i><\/span> <\/div>    <\/div>\r\n    [\/vc_column][\/vc_row][vc_row][vc_column width=&#8221;1\/3&#8243;][\/vc_column][vc_column width=&#8221;1\/3&#8243;][vc_column_text]<\/p>\n<h2 style=\"text-align: center;\"><span style=\"color: #11255a;\"><strong>\u0130NCEK Kamp\u00fcs<\/strong><\/span><\/h2>\n<h3 style=\"text-align: center;\">7 \u015eubat 2026 Cumartesi<br \/>\nSaat: 13.00<\/h3>\n<p>[\/vc_column_text][\/vc_column][vc_column width=&#8221;1\/3&#8243;][\/vc_column][\/vc_row][vc_row][vc_column width=&#8221;1\/5&#8243;][\/vc_column][vc_column width=&#8221;1\/5&#8243;][\/vc_column][vc_column width=&#8221;1\/5&#8243;][vc_btn title=&#8221;English&#8221; shape=&#8221;round&#8221; color=&#8221;primary&#8221; size=&#8221;lg&#8221; align=&#8221;center&#8221; button_block=&#8221;true&#8221; link=&#8221;url:http%3A%2F%2Fpupilregform.buyukkolejportal.com|title:english||&#8221;][\/vc_column][vc_column width=&#8221;1\/5&#8243;][\/vc_column][vc_column width=&#8221;1\/5&#8243;][\/vc_column][\/vc_row][vc_row el_id=&#8221;kayit_formu&#8221;][vc_column][vc_column_text][\/vc_column_text][vc_raw_html]JTVCbmluamFfZm9ybSUyMGlkJTNEMiU1RA==[\/vc_raw_html][\/vc_column][\/vc_row][vc_row][vc_column][vc_separator][\/vc_column][\/vc_row][vc_row full_width=&#8221;stretch_row_content_no_spaces&#8221; css=&#8221;.vc_custom_1673868447815{padding-top: 10px !important;padding-bottom: 10px !important;}&#8221; el_class=&#8221;container-fluid&#8221;][vc_column el_class=&#8221;client-logo&#8221; css=&#8221;.vc_custom_1668754305118{background-color: #ffffff !important;}&#8221;]\t\t<div class=\"mo-image-carousel-wrap dots-bottom    dots-nav-dark \">\r\n\t\t\t<div class=\"image-carousel\" data-col_lg=\"6\" data-col_md=\"2\" data-col_sm=\"2\" data-col_xs=\"1\" data-item_space=\"0\" data-loop=\"true\" data-autoplay=\"true\" data-smartspeed=\"300\" data-nav=\"false\" data-dots=\"true\">\r\n\t\t\t\t<a href=\"#\"><img src=\"https:\/\/www.iotanitim.buyukkolejportal.com\/wp-content\/uploads\/2022\/11\/01-cis.png\" alt=\"image\"\/><\/a><a href=\"#\"><img src=\"https:\/\/www.iotanitim.buyukkolejportal.com\/wp-content\/uploads\/2022\/11\/04-cambridge.png\" alt=\"image\"\/><\/a><a href=\"#\"><img src=\"https:\/\/www.iotanitim.buyukkolejportal.com\/wp-content\/uploads\/2022\/11\/05-eko.png\" alt=\"image\"\/><\/a><a href=\"#\"><img src=\"https:\/\/www.iotanitim.buyukkolejportal.com\/wp-content\/uploads\/2022\/11\/06-meb.png\" alt=\"image\"\/><\/a><a href=\"#\"><img src=\"https:\/\/www.iotanitim.buyukkolejportal.com\/wp-content\/uploads\/2022\/11\/07-tozok.png\" alt=\"image\"\/><\/a><a href=\"#\"><img src=\"https:\/\/www.iotanitim.buyukkolejportal.com\/wp-content\/uploads\/2022\/11\/08-aep.png\" alt=\"image\"\/><\/a>\t\t\t<\/div>\r\n\t\t<\/div>\r\n    [\/vc_column][\/vc_row][vc_row el_id=&#8221;contact&#8221; el_class=&#8221;contact&#8221; css=&#8221;.vc_custom_1673868457051{padding-top: 10px !important;padding-bottom: 10px !important;}&#8221;][vc_column]\t<div class=\"center title-section wow fadeInDown\">\r\n      <h5>NEREDEY\u0130Z?<\/h5><h3 class=\"lrg\">OKUL \u0130LET\u0130\u015e\u0130M B\u0130LG\u0130LER\u0130M\u0130Z<\/h3><div class=\"separator\"><span><i><\/i><\/span> <\/div>    <\/div>\r\n    [vc_row_inner][vc_column_inner width=&#8221;2\/3&#8243;][vc_gmaps link=&#8221;#E-8_JTNDaWZyYW1lJTIwc3R5bGUlM0QlMjJib3JkZXIlM0ElMjAwJTNCJTIyJTIwc3JjJTNEJTIyaHR0cHMlM0ElMkYlMkZ3d3cuZ29vZ2xlLmNvbSUyRm1hcHMlMkZlbWJlZCUzRnBiJTNEJTIxMW0xNCUyMTFtOCUyMTFtMyUyMTFkNjEyMS4zNDUzNzI1MjAxNjclMjEyZDMyLjg3MTcwNCUyMTNkMzkuOTAzOTYlMjEzbTIlMjExaTEwMjQlMjEyaTc2OCUyMTRmMTMuMSUyMTNtMyUyMTFtMiUyMTFzMHgwJTI1M0EweDgyNTAxN2NkMmZhNTFjNTMlMjEyelFzTzhlY084YXlCTGIyeGxhZyUyMTVlMCUyMTNtMiUyMTFzdHIlMjEyc3VzJTIxNHYxNTA0MTI5NDE4MTEyJTIyJTIwd2lkdGglM0QlMjIxMDAlMjUlMjIlMjBoZWlnaHQlM0QlMjIzNTAlMjIlMjBmcmFtZWJvcmRlciUzRCUyMjAlMjIlMjBhbGxvd2Z1bGxzY3JlZW4lM0QlMjJhbGxvd2Z1bGxzY3JlZW4lMjIlM0UlM0MlMkZpZnJhbWUlM0U=&#8221;][\/vc_column_inner][vc_column_inner width=&#8221;1\/3&#8243;][vc_column_text]<\/p>\n<h4>GOP Kamp\u00fcs:<\/h4>\n<p><strong>Telefon<\/strong><br \/>\n+90 312 446 66 76<br \/>\n<strong>e-posta<\/strong><br \/>\nbuyukkolej@buyukkolej.k12.tr<br \/>\n<strong>Adres<\/strong><br \/>\nBa\u011flar Caddesi No:184 06700 GOP \u2013 ANKARA[\/vc_column_text][\/vc_column_inner][\/vc_row_inner][vc_row_inner][vc_column_inner width=&#8221;2\/3&#8243;][vc_gmaps link=&#8221;#E-8_JTNDaWZyYW1lJTIwc3JjJTNEJTIyaHR0cHMlM0ElMkYlMkZ3d3cuZ29vZ2xlLmNvbSUyRm1hcHMlMkZlbWJlZCUzRnBiJTNEJTIxMW0xOCUyMTFtMTIlMjExbTMlMjExZDc2Ni4xMTU3MzA0NzE5Nzg0JTIxMmQzMi43MTQwMTgwNDc3NTU0NiUyMTNkMzkuODE5MDM3NTU4ODQxNDIlMjEybTMlMjExZjAlMjEyZjAlMjEzZjAlMjEzbTIlMjExaTEwMjQlMjEyaTc2OCUyMTRmMTMuMSUyMTNtMyUyMTFtMiUyMTFzMHgxNGQzM2Y5MTQ0NmU0YWI1JTI1M0EweGQyNDQ5ZWE5NTBkY2RiMmMlMjEyelFzTzhlY084YXlCTGIyeGxhZyUyMTVlMCUyMTNtMiUyMTFzdHIlMjEyc3RyJTIxNHYxNjYwODI4NDE0OTM3JTIxNW0yJTIxMXN0ciUyMTJzdHIlMjIlMjB3aWR0aCUzRCUyMjEwMCUyNSUyMiUyMGhlaWdodCUzRCUyMjM1MCUyMiUyMGZyYW1lYm9yZGVyJTNEJTIyMCUyMiUyMGFsbG93ZnVsbHNjcmVlbiUzRCUyMmFsbG93ZnVsbHNjcmVlbiUyMiUzRSUzQyUyRmlmcmFtZSUzRQ==&#8221;][\/vc_column_inner][vc_column_inner width=&#8221;1\/3&#8243;][vc_column_text]<\/p>\n<h4>\u0130ncek Kamp\u00fcs:<\/h4>\n<p><strong>Telefon<\/strong><br \/>\n+90 312 446 66 77<br \/>\n<strong>e-posta<\/strong><br \/>\nincek@buyukkolej.k12.tr<br \/>\n<strong>Adres<\/strong><br \/>\nK\u0131z\u0131lca\u015far Mah. 30 A\u011fustos Cad. No: 61 06830<br \/>\n\u0130ncek\/G\u00f6lba\u015f\u0131\/ANKARA[\/vc_column_text][\/vc_column_inner][\/vc_row_inner][\/vc_column][\/vc_row]<\/p>\n","protected":false},"excerpt":{"rendered":"<p>[vc_row css=&#8221;.vc_custom_1700567202244{padding-top: 10px !important;}&#8221;][vc_column width=&#8221;1\/5&#8243;][\/vc_column][vc_column width=&#8221;1\/5&#8243;][\/vc_column][vc_column width=&#8221;1\/5&#8243;][vc_single_image image=&#8221;1830&#8243; alignment=&#8221;center&#8221;][\/vc_column][vc_column width=&#8221;1\/5&#8243;][\/vc_column][vc_column width=&#8221;1\/5&#8243;][\/vc_column][\/vc_row][vc_row content_placement=&#8221;top&#8221;][vc_column width=&#8221;1\/3&#8243;][\/vc_column][vc_column width=&#8221;1\/3&#8243;][vc_raw_html]JTNDaDIlMjBzdHlsZSUzRCUyMnRleHQtYWxpZ24lM0ElMjBjZW50ZXIlM0IlMjIlM0UlM0NzcGFuJTIwc3R5bGUlM0QlMjJjb2xvciUzQSUyMCUyMzJjNGQ4NyUzQiUyMiUzRSUzQ3N0cm9uZyUzRU9rdWwlMjAlQzMlOTZuY2VzaSUzQyUyRnN0cm9uZyUzRSUyMHZlJTIwJTNDc3Ryb25nJTNFMS4lMjBTJUM0JUIxbiVDNCVCMWZsYXIlM0MlMkZzdHJvbmclM0UlM0MlMkZzcGFuJTNFJTNDJTJGaDIlM0U=[\/vc_raw_html][\/vc_column][vc_column width=&#8221;1\/3&#8243;][\/vc_column][\/vc_row][vc_row][vc_column][\/vc_column][\/vc_row][vc_row][vc_column width=&#8221;1\/3&#8243;][\/vc_column][vc_column width=&#8221;1\/3&#8243;][vc_column_text] \u0130NCEK Kamp\u00fcs 7 \u015eubat 2026 Cumartesi Saat: 13.00 [\/vc_column_text][\/vc_column][vc_column width=&#8221;1\/3&#8243;][\/vc_column][\/vc_row][vc_row][vc_column width=&#8221;1\/5&#8243;][\/vc_column][vc_column width=&#8221;1\/5&#8243;][\/vc_column][vc_column width=&#8221;1\/5&#8243;][vc_btn title=&#8221;English&#8221; shape=&#8221;round&#8221; color=&#8221;primary&#8221; size=&#8221;lg&#8221; align=&#8221;center&#8221; button_block=&#8221;true&#8221; link=&#8221;url:http%3A%2F%2Fpupilregform.buyukkolejportal.com|title:english||&#8221;][\/vc_column][vc_column width=&#8221;1\/5&#8243;][\/vc_column][vc_column width=&#8221;1\/5&#8243;][\/vc_column][\/vc_row][vc_row el_id=&#8221;kayit_formu&#8221;][vc_column][vc_column_text][\/vc_column_text][vc_raw_html]JTVCbmluamFfZm9ybSUyMGlkJTNEMiU1RA==[\/vc_raw_html][\/vc_column][\/vc_row][vc_row][vc_column][vc_separator][\/vc_column][\/vc_row][vc_row full_width=&#8221;stretch_row_content_no_spaces&#8221; css=&#8221;.vc_custom_1673868447815{padding-top: 10px !important;padding-bottom: 10px !important;}&#8221; el_class=&#8221;container-fluid&#8221;][vc_column el_class=&#8221;client-logo&#8221; css=&#8221;.vc_custom_1668754305118{background-color: #ffffff !important;}&#8221;][\/vc_column][\/vc_row][vc_row el_id=&#8221;contact&#8221; el_class=&#8221;contact&#8221; css=&#8221;.vc_custom_1673868457051{padding-top: 10px [&hellip;]<\/p>\n","protected":false},"author":1,"featured_media":0,"parent":0,"menu_order":0,"comment_status":"closed","ping_status":"closed","template":"page-NoTitleBar.php","meta":[],"_links":{"self":[{"href":"https:\/\/www.iotanitim.buyukkolejportal.com\/index.php?rest_route=\/wp\/v2\/pages\/786"}],"collection":[{"href":"https:\/\/www.iotanitim.buyukkolejportal.com\/index.php?rest_route=\/wp\/v2\/pages"}],"about":[{"href":"https:\/\/www.iotanitim.buyukkolejportal.com\/index.php?rest_route=\/wp\/v2\/types\/page"}],"author":[{"embeddable":true,"href":"https:\/\/www.iotanitim.buyukkolejportal.com\/index.php?rest_route=\/wp\/v2\/users\/1"}],"replies":[{"embeddable":true,"href":"https:\/\/www.iotanitim.buyukkolejportal.com\/index.php?rest_route=%2Fwp%2Fv2%2Fcomments&post=786"}],"version-history":[{"count":349,"href":"https:\/\/www.iotanitim.buyukkolejportal.com\/index.php?rest_route=\/wp\/v2\/pages\/786\/revisions"}],"predecessor-version":[{"id":2587,"href":"https:\/\/www.iotanitim.buyukkolejportal.com\/index.php?rest_route=\/wp\/v2\/pages\/786\/revisions\/2587"}],"wp:attachment":[{"href":"https:\/\/www.iotanitim.buyukkolejportal.com\/index.php?rest_route=%2Fwp%2Fv2%2Fmedia&parent=786"}],"curies":[{"name":"wp","href":"https:\/\/api.w.org\/{rel}","templated":true}]}}